{"id":28784,"date":"2019-10-03T14:37:20","date_gmt":"2019-10-03T14:37:20","guid":{"rendered":"http:\/\/cadernos.catedra-alberto-benveniste.org\/about-cadernos\/scientific-board\/"},"modified":"2021-04-05T16:57:50","modified_gmt":"2021-04-05T16:57:50","slug":"scientific-board","status":"publish","type":"page","link":"https:\/\/cadernos.catedra-alberto-benveniste.org\/en\/about-cadernos\/scientific-board\/","title":{"rendered":"Scientific board"},"content":{"rendered":"<p>[et_pb_section fb_built=&#8221;1&#8243; admin_label=&#8221;section&#8221; _builder_version=&#8221;3.22&#8243; background_color=&#8221;#2b2b2b&#8221; background_color_gradient_direction=&#8221;239deg&#8221; custom_padding=&#8221;0px||60px|&#8221;][et_pb_row use_custom_gutter=&#8221;on&#8221; gutter_width=&#8221;1&#8243; column_padding_mobile=&#8221;on&#8221; custom_padding_last_edited=&#8221;on|desktop&#8221; admin_label=&#8221;row&#8221; module_class=&#8221; et_pb_row_fullwidth&#8221; _builder_version=&#8221;3.25&#8243; background_size=&#8221;initial&#8221; background_position=&#8221;top_left&#8221; background_repeat=&#8221;repeat&#8221; width=&#8221;100%&#8221; width_tablet=&#8221;100%&#8221; width_phone=&#8221;&#8221; width_last_edited=&#8221;on|desktop&#8221; max_width=&#8221;100%&#8221; max_width_tablet=&#8221;100%&#8221; max_width_phone=&#8221;&#8221; max_width_last_edited=&#8221;on|desktop&#8221; custom_padding=&#8221;0px||0px|&#8221; custom_padding_tablet=&#8221;&#8221; custom_padding_phone=&#8221;0px||5px|&#8221; make_fullwidth=&#8221;on&#8221;][et_pb_column type=&#8221;4_4&#8243; _builder_version=&#8221;3.25&#8243; custom_padding=&#8221;|||&#8221; custom_padding__hover=&#8221;|||&#8221;][et_pb_image src=&#8221;https:\/\/cadernos.catedra-alberto-benveniste.org\/wp-content\/uploads\/2018\/05\/comissao-cientifica-flul-os-lusiadas-almada-negreiros.jpg&#8221; show_bottom_space=&#8221;off&#8221; align=&#8221;center&#8221; align_tablet=&#8221;center&#8221; align_phone=&#8221;&#8221; align_last_edited=&#8221;on|desktop&#8221; admin_label=&#8221;Foto \/ Comiss\u00e3o Cientifica&#8221; _builder_version=&#8221;3.23&#8243; custom_margin=&#8221;0px|||&#8221; custom_margin_tablet=&#8221;&#8221; custom_margin_phone=&#8221;&#8221; custom_margin_last_edited=&#8221;on|desktop&#8221; use_border_color=&#8221;off&#8221;][\/et_pb_image][\/et_pb_column][\/et_pb_row][et_pb_row custom_padding_last_edited=&#8221;on|desktop&#8221; _builder_version=&#8221;3.25&#8243; background_size=&#8221;initial&#8221; background_position=&#8221;top_left&#8221; background_repeat=&#8221;repeat&#8221; custom_margin=&#8221;||-54px|&#8221; custom_margin_tablet=&#8221;||0px|&#8221; custom_margin_phone=&#8221;||0px|&#8221; custom_margin_last_edited=&#8221;on|tablet&#8221; custom_padding=&#8221;|||&#8221; custom_padding_tablet=&#8221;&#8221; custom_padding_phone=&#8221;&#8221;][et_pb_column type=&#8221;4_4&#8243; _builder_version=&#8221;3.25&#8243; custom_padding=&#8221;|||&#8221; custom_padding__hover=&#8221;|||&#8221;][et_pb_text admin_label=&#8221;T\u00edtulo \/ Comiss\u00e3o Cientifica&#8221; _builder_version=&#8221;3.27.4&#8243; text_font_size=&#8221;10em&#8221; text_line_height=&#8221;1.2em&#8221; background_size=&#8221;initial&#8221; background_position=&#8221;top_left&#8221; background_repeat=&#8221;repeat&#8221; max_width_tablet=&#8221;&#8221; max_width_phone=&#8221;&#8221; max_width_last_edited=&#8221;on|desktop&#8221; module_alignment=&#8221;center&#8221; custom_margin_tablet=&#8221;&#8221; custom_margin_phone=&#8221;&#8221; custom_margin_last_edited=&#8221;on|phone&#8221; text_font_size_tablet=&#8221;8em&#8221; text_font_size_phone=&#8221;5em&#8221; text_font_size_last_edited=&#8221;on|desktop&#8221; header_font_size_tablet=&#8221;&#8221; header_font_size_phone=&#8221;&#8221; header_font_size_last_edited=&#8221;on|desktop&#8221; header_letter_spacing_tablet=&#8221;&#8221; header_letter_spacing_phone=&#8221;&#8221; header_letter_spacing_last_edited=&#8221;on|tablet&#8221; border_color_all=&#8221;#ffffff&#8221; use_border_color=&#8221;off&#8221;]<\/p>\n<h1>Scientific board<\/h1>\n<p>[\/et_pb_text][et_pb_text admin_label=&#8221;Texto Intro&#8221; _builder_version=&#8221;3.27.4&#8243; background_layout=&#8221;dark&#8221; max_width=&#8221;850px&#8221; custom_padding=&#8221;15px||10px|110px&#8221; custom_padding_tablet=&#8221;0px||0px|0px&#8221; custom_padding_phone=&#8221;&#8221; custom_padding_last_edited=&#8221;on|desktop&#8221;]The Scientific board is composed of international scholars who are experts in the core areas of the journal. This board is responsible for monitoring and advising on the editorial criteria and topics covered by the journal. It also contributes to the evaluation process of the submitted papers, suggesting external reviewers.<br \/>\n[\/et_pb_text][\/et_pb_column][\/et_pb_row][\/et_pb_section][et_pb_section fb_built=&#8221;1&#8243; _builder_version=&#8221;3.22&#8243; background_position=&#8221;top_left&#8221; max_width_tablet=&#8221;&#8221; max_width_phone=&#8221;&#8221; max_width_last_edited=&#8221;on|desktop&#8221; module_alignment=&#8221;center&#8221; custom_margin=&#8221;||50px|&#8221; custom_padding=&#8221;100px|0px||0px&#8221;][et_pb_row column_structure=&#8221;1_2,1_2&#8243; use_custom_gutter=&#8221;on&#8221; make_equal=&#8221;on&#8221; custom_padding_last_edited=&#8221;off|&#8221; _builder_version=&#8221;3.25&#8243; background_position=&#8221;top_left&#8221; max_width=&#8221;850px&#8221; custom_margin=&#8221;|||&#8221; custom_margin_tablet=&#8221;&#8221; custom_margin_phone=&#8221;&#8221; custom_margin_last_edited=&#8221;on|desktop&#8221; custom_padding=&#8221;0|0px|40px|0px|false|false&#8221; border_color_all=&#8221;#d3d3d3&#8243; use_custom_width=&#8221;on&#8221; custom_width_px=&#8221;850px&#8221;][et_pb_column type=&#8221;1_2&#8243; _builder_version=&#8221;3.25&#8243; custom_padding=&#8221;|||&#8221; custom_padding__hover=&#8221;|||&#8221;][et_pb_image src=&#8221;https:\/\/cadernos.catedra-alberto-benveniste.org\/wp-content\/uploads\/2018\/05\/Comissao-Cientifica-Beatrice-Perez.jpg&#8221; show_bottom_space=&#8221;off&#8221; force_fullwidth=&#8221;on&#8221; admin_label=&#8221;B\u00e9atrice Perez \/ FOTO&#8221; _builder_version=&#8221;3.23&#8243; custom_margin_tablet=&#8221;&#8221; custom_margin_phone=&#8221;|0px||0px&#8221; custom_margin_last_edited=&#8221;on|phone&#8221; custom_padding=&#8221;0px|0px|0px|0px&#8221; custom_padding_tablet=&#8221;&#8221; custom_padding_phone=&#8221;&#8221; custom_padding_last_edited=&#8221;on|desktop&#8221; always_center_on_mobile=&#8221;off&#8221;][\/et_pb_image][\/et_pb_column][et_pb_column type=&#8221;1_2&#8243; _builder_version=&#8221;3.25&#8243; background_blend=&#8221;exclusion&#8221; custom_padding=&#8221;|||&#8221; custom_padding_tablet=&#8221;|||&#8221; custom_padding_phone=&#8221;&#8221; custom_padding_last_edited=&#8221;on|desktop&#8221; custom_padding__hover=&#8221;|||&#8221;][et_pb_text admin_label=&#8221;B\u00e9atrice Perez \/ BIO&#8221; _builder_version=&#8221;4.4.2&#8243; text_text_color=&#8221;#000000&#8243; header_text_color=&#8221;#00549f&#8221; custom_margin=&#8221;0px|||&#8221; custom_margin_tablet=&#8221;&#8221; custom_margin_phone=&#8221;&#8221; custom_margin_last_edited=&#8221;on|desktop&#8221; custom_padding=&#8221;0px|20px|20px|20px&#8221; custom_padding_tablet=&#8221;|0px||0px&#8221; custom_padding_phone=&#8221;40px|||&#8221; custom_padding_last_edited=&#8221;on|tablet&#8221;]<\/p>\n<h2>B\u00e9atrice Perez<\/h2>\n<p>B\u00e9atrice Perez was <em>pensionnaire<\/em> da Fondation Thiers and currently is corresponding scholar of the Academia Portuguesa da Hist\u00f3ria and professor of Early Modern Civilization and History in the University of Sorbonne. She is the author of <em>Les marchands de S\u00e9ville. Une soci\u00e9t\u00e9 inqui\u00e8te (XVe-XVIe si\u00e8cle)<\/em> (Paris, 2016), and<em> Inquisition, Pouvoir, Soci\u00e9t\u00e9. La province de S\u00e9ville et ses jud\u00e9oconvers sous les Rois Catholiques<\/em> (Paris, 2007) (winner of the Prix de Recherche do Centre Alberto-Benveniste) and editor of <em>La reputaci\u00f3n. Qu\u00eate individuelle et aspiration collective dans l&#8217;Espagne des Habsbourg. Hommage au professeur Araceli Guillaume-Alonso<\/em> (Paris, 2018)<a href=\"https:\/\/paris-sorbonne.academia.edu\/BPerez\/CurriculumVitae\">.<\/a><\/p>\n<p><a href=\"https:\/\/paris-sorbonne.academia.edu\/BPerez\/CurriculumVitae\" target=\"_blank\" rel=\"noopener noreferrer\">Curriculum Vitae<\/a><\/p>\n<p>&nbsp;<\/p>\n<p>[\/et_pb_text][\/et_pb_column][\/et_pb_row][et_pb_row column_structure=&#8221;1_2,1_2&#8243; use_custom_gutter=&#8221;on&#8221; make_equal=&#8221;on&#8221; custom_padding_last_edited=&#8221;off|&#8221; _builder_version=&#8221;3.25&#8243; background_position=&#8221;top_left&#8221; max_width=&#8221;850px&#8221; custom_margin=&#8221;|||&#8221; custom_margin_tablet=&#8221;&#8221; custom_margin_phone=&#8221;&#8221; custom_margin_last_edited=&#8221;on|desktop&#8221; custom_padding=&#8221;0|0px|40px|0px|false|false&#8221; use_custom_width=&#8221;on&#8221; custom_width_px=&#8221;850px&#8221;][et_pb_column type=&#8221;1_2&#8243; _builder_version=&#8221;3.25&#8243; custom_padding=&#8221;|||&#8221; custom_padding__hover=&#8221;|||&#8221;][et_pb_image src=&#8221;https:\/\/cadernos.catedra-alberto-benveniste.org\/wp-content\/uploads\/2018\/05\/Comissao-Cientifica-Bruno-Feitler.jpg&#8221; show_bottom_space=&#8221;off&#8221; force_fullwidth=&#8221;on&#8221; admin_label=&#8221;Bruno Feitler \/ FOTO&#8221; _builder_version=&#8221;3.23&#8243; custom_margin_tablet=&#8221;&#8221; custom_margin_phone=&#8221;&#8221; custom_margin_last_edited=&#8221;on|desktop&#8221; always_center_on_mobile=&#8221;off&#8221;][\/et_pb_image][\/et_pb_column][et_pb_column type=&#8221;1_2&#8243; _builder_version=&#8221;3.25&#8243; custom_padding=&#8221;|||&#8221; custom_padding_tablet=&#8221;|||&#8221; custom_padding_phone=&#8221;&#8221; custom_padding_last_edited=&#8221;on|desktop&#8221; custom_padding__hover=&#8221;|||&#8221;][et_pb_text admin_label=&#8221;Bruno Feitler \/ BIO&#8221; _builder_version=&#8221;4.4.2&#8243; text_text_color=&#8221;#000000&#8243; header_text_color=&#8221;#00549f&#8221; custom_margin=&#8221;0px|||&#8221; custom_margin_tablet=&#8221;&#8221; custom_margin_phone=&#8221;&#8221; custom_margin_last_edited=&#8221;on|desktop&#8221; custom_padding=&#8221;0px|20px|20px|20px&#8221; custom_padding_tablet=&#8221;|0px||0px&#8221; custom_padding_phone=&#8221;40px|||&#8221; custom_padding_last_edited=&#8221;on|desktop&#8221;]<\/p>\n<h2>Bruno Feitler<\/h2>\n<p>Bruno Feitler is PhD in History and Civilizations from the \u00c9cole des Hautes Etudes en Sciences Sociales (2001). He his associate professor of Early Modern History at the Universidade Federal de S\u00e3o Paulo. He is researcher of the CNPq (Brasil), and editor of the journals Revista Brasileira de Hist\u00f3ria (bi\u00e9nio 2017-2019), and Revista de Fontes. His main research interests are the Portuguese Inquisition, the Chuch in colonial Brazil and the Jewish-Christian relations in the Dutch Pernambuco. He is the author of <em>Nas malhas da consci\u00eancia. Igreja e Inquisi\u00e7\u00e3o no Brasil col\u00f4nia<\/em> (2007), and <em>The Imaginary Synagogue. Anti-Jewish Literature in the Portuguese Early Modern World<\/em>  (2015).<\/p>\n<p><a href=\"https:\/\/orcid.org\/0000-0003-1468-5680\" target=\"_blank\" rel=\"noopener noreferrer\">Curriculum Vitae<\/a><\/p>\n<p>&nbsp;<\/p>\n<p>[\/et_pb_text][\/et_pb_column][\/et_pb_row][et_pb_row column_structure=&#8221;1_2,1_2&#8243; use_custom_gutter=&#8221;on&#8221; make_equal=&#8221;on&#8221; custom_padding_last_edited=&#8221;off|&#8221; _builder_version=&#8221;3.25&#8243; background_position=&#8221;top_left&#8221; max_width=&#8221;850px&#8221; custom_margin=&#8221;|||&#8221; custom_margin_tablet=&#8221;&#8221; custom_margin_phone=&#8221;&#8221; custom_margin_last_edited=&#8221;on|desktop&#8221; custom_padding=&#8221;0|0px|40px|0px|false|false&#8221; use_custom_width=&#8221;on&#8221; custom_width_px=&#8221;850px&#8221;][et_pb_column type=&#8221;1_2&#8243; _builder_version=&#8221;3.25&#8243; custom_padding=&#8221;|||&#8221; custom_padding__hover=&#8221;|||&#8221;][et_pb_image src=&#8221;https:\/\/cadernos.catedra-alberto-benveniste.org\/wp-content\/uploads\/2018\/05\/Comissao-Cientifica-Francesco-Guidi-Bruscoli.jpg&#8221; show_bottom_space=&#8221;off&#8221; admin_label=&#8221;Francesco Guidi-Bruscoli \/ FOTO&#8221; _builder_version=&#8221;3.23&#8243; custom_margin_tablet=&#8221;&#8221; custom_margin_phone=&#8221;&#8221; custom_margin_last_edited=&#8221;on|desktop&#8221; always_center_on_mobile=&#8221;off&#8221;][\/et_pb_image][\/et_pb_column][et_pb_column type=&#8221;1_2&#8243; _builder_version=&#8221;3.25&#8243; custom_padding=&#8221;|||&#8221; custom_padding_tablet=&#8221;|||&#8221; custom_padding_phone=&#8221;&#8221; custom_padding_last_edited=&#8221;on|desktop&#8221; custom_padding__hover=&#8221;|||&#8221;][et_pb_text admin_label=&#8221;Francesco Guidi-Bruscoli \/ BIO&#8221; _builder_version=&#8221;4.4.2&#8243; text_text_color=&#8221;#000000&#8243; header_text_color=&#8221;#00549f&#8221; custom_margin=&#8221;0px|||&#8221; custom_margin_tablet=&#8221;|||&#8221; custom_margin_phone=&#8221;&#8221; custom_margin_last_edited=&#8221;on|desktop&#8221; custom_padding=&#8221;0px|20px|20px|20px&#8221; custom_padding_tablet=&#8221;|0px||0px&#8221; custom_padding_phone=&#8221;40px|||&#8221; custom_padding_last_edited=&#8221;on|desktop&#8221;]<\/p>\n<h2>Francesco Guidi-Bruscoli<\/h2>\n<p>Francesco Guidi-Bruscoli is associate professor of Economic History at the University of Firenze. He is also foreigner corresponding scholar at the Academia Portuguesa da Hist\u00f3ria (Portuguese Academy of History), and associate member of the Academia de Marinha (Navy Academy). His publications include <em>Papal Banking in Renaissance Rome<\/em> (Aldershot: Ashgate, 2007), and <em>Bartolomeo Marchionni, \u00abhomem de grossa fazenda\u00bb (ca. 1450-1530)<\/em>. <em>Un mercante fiorentino a Lisbona e l\u2019impero portoghese<\/em> (Florence: Olschki, 2014), which was the winner of the award Funda\u00e7\u00e3o Calouste Gulbenkian (European History).<\/p>\n<p><a href=\"https:\/\/orcid.org\/0000-0002-8389-0613\" target=\"_blank\" rel=\"noopener noreferrer\">Curriculum Vitae<\/a><\/p>\n<p>&nbsp;<\/p>\n<p>[\/et_pb_text][\/et_pb_column][\/et_pb_row][et_pb_row column_structure=&#8221;1_2,1_2&#8243; use_custom_gutter=&#8221;on&#8221; make_equal=&#8221;on&#8221; custom_padding_last_edited=&#8221;off|&#8221; _builder_version=&#8221;3.25&#8243; background_position=&#8221;top_left&#8221; max_width=&#8221;850px&#8221; custom_margin=&#8221;|||&#8221; custom_margin_tablet=&#8221;&#8221; custom_margin_phone=&#8221;&#8221; custom_margin_last_edited=&#8221;on|desktop&#8221; custom_padding=&#8221;0|0px|40px|0px|false|false&#8221; use_custom_width=&#8221;on&#8221; custom_width_px=&#8221;850px&#8221;][et_pb_column type=&#8221;1_2&#8243; _builder_version=&#8221;3.25&#8243; custom_padding=&#8221;|||&#8221; custom_padding__hover=&#8221;|||&#8221;][et_pb_image src=&#8221;https:\/\/cadernos.catedra-alberto-benveniste.org\/wp-content\/uploads\/2018\/05\/Comissao-Cientifica-Francois-Soyer.jpg&#8221; show_bottom_space=&#8221;off&#8221; admin_label=&#8221;Fran\u00e7ois Soyer \/ FOTO&#8221; _builder_version=&#8221;3.23&#8243; custom_margin_tablet=&#8221;&#8221; custom_margin_phone=&#8221;&#8221; custom_margin_last_edited=&#8221;on|desktop&#8221; always_center_on_mobile=&#8221;off&#8221;][\/et_pb_image][\/et_pb_column][et_pb_column type=&#8221;1_2&#8243; _builder_version=&#8221;3.25&#8243; custom_padding=&#8221;|||&#8221; custom_padding_tablet=&#8221;|||&#8221; custom_padding_phone=&#8221;&#8221; custom_padding_last_edited=&#8221;on|desktop&#8221; custom_padding__hover=&#8221;|||&#8221;][et_pb_text admin_label=&#8221;Fran\u00e7ois Soyer \/ BIO&#8221; _builder_version=&#8221;4.4.2&#8243; text_text_color=&#8221;#000000&#8243; header_text_color=&#8221;#00549f&#8221; custom_margin=&#8221;0px|||&#8221; custom_margin_tablet=&#8221;|||&#8221; custom_margin_phone=&#8221;&#8221; custom_margin_last_edited=&#8221;on|desktop&#8221; custom_padding=&#8221;0px|20px|20px|20px&#8221; custom_padding_tablet=&#8221;|0px||0px&#8221; custom_padding_phone=&#8221;40px|||&#8221; custom_padding_last_edited=&#8221;on|desktop&#8221;]<\/p>\n<h2>Fran\u00e7ois Soyer<\/h2>\n<p>Fran\u00e7ois Soyer is<em>Senior Lecturer<\/em> in Early Modern History at the University of New England in Australia. His research is focused on the history of antisemitism and anti-semitic propaganda in Early Modern Europe, especially in Iberia. Recently, he has concluded a work on the antisemitic conspiracy theories in Early Modern Iberic world. He is now developing a project on the origins, development and impact of the &#8220;libelos de sangue&#8221; legend in Spain, with particular emphasis on the cases of the &#8220;Libelo de Sangue&#8221; of San Dominguito de Val and Santo Ni\u00f1o de la Guardia.<\/p>\n<p><a href=\"https:\/\/orcid.org\/0000-0002-1890-3043\" target=\"_blank\" rel=\"noopener noreferrer\">Curriculum Vitae<\/a><\/p>\n<p>&nbsp;<\/p>\n<p>[\/et_pb_text][\/et_pb_column][\/et_pb_row][et_pb_row column_structure=&#8221;1_2,1_2&#8243; use_custom_gutter=&#8221;on&#8221; make_equal=&#8221;on&#8221; custom_padding_last_edited=&#8221;off|&#8221; _builder_version=&#8221;3.25&#8243; background_position=&#8221;top_left&#8221; max_width=&#8221;850px&#8221; custom_margin=&#8221;|||&#8221; custom_margin_tablet=&#8221;&#8221; custom_margin_phone=&#8221;&#8221; custom_margin_last_edited=&#8221;on|desktop&#8221; custom_padding=&#8221;0|0px|40px|0px|false|false&#8221; use_custom_width=&#8221;on&#8221; custom_width_px=&#8221;850px&#8221;][et_pb_column type=&#8221;1_2&#8243; _builder_version=&#8221;3.25&#8243; custom_padding=&#8221;|||&#8221; custom_padding__hover=&#8221;|||&#8221;][et_pb_image src=&#8221;https:\/\/cadernos.catedra-alberto-benveniste.org\/wp-content\/uploads\/2018\/05\/Comissao-Cientifica-Jaqueline-Vassallo.jpg&#8221; show_bottom_space=&#8221;off&#8221; admin_label=&#8221;Jaqueline Vassallo \/ FOTO&#8221; _builder_version=&#8221;3.23&#8243; custom_margin_tablet=&#8221;&#8221; custom_margin_phone=&#8221;&#8221; custom_margin_last_edited=&#8221;on|desktop&#8221; always_center_on_mobile=&#8221;off&#8221;][\/et_pb_image][\/et_pb_column][et_pb_column type=&#8221;1_2&#8243; _builder_version=&#8221;3.25&#8243; custom_padding=&#8221;|||&#8221; custom_padding_tablet=&#8221;|||&#8221; custom_padding_phone=&#8221;&#8221; custom_padding_last_edited=&#8221;on|desktop&#8221; custom_padding__hover=&#8221;|||&#8221;][et_pb_text admin_label=&#8221;Jaqueline Vassallo \/ BIO&#8221; _builder_version=&#8221;4.4.2&#8243; text_text_color=&#8221;#000000&#8243; header_text_color=&#8221;#00549f&#8221; custom_margin=&#8221;0px|||&#8221; custom_margin_tablet=&#8221;|||&#8221; custom_margin_phone=&#8221;&#8221; custom_margin_last_edited=&#8221;on|desktop&#8221; custom_padding=&#8221;0px|20px|20px|20px&#8221; custom_padding_tablet=&#8221;|0px||0px&#8221; custom_padding_phone=&#8221;40px|||&#8221; custom_padding_last_edited=&#8221;on|desktop&#8221;]<\/p>\n<h2>Jaqueline Vassallo<\/h2>\n<p>Jaqueline Vassallo has a PhD in Law and Social Sciences from the Universidad Nacional de C\u00f3rdoba, Argentina. She is an independent scholar at the CONICET and a associate professor at the Escuela de Archivolog\u00eda, Facultad de Filosof\u00eda y Humanidades de la UNC. She is the author of several works on women studies in Tucum\u00e1n and R\u00edo de la Plata during the colonial period, in which she articulates gender problems with secular and inquisitorial colonial justice issues. She is part of the project &#8220;Vida cotidiana, cultura gr\u00e1fica y reforma cat\u00f3lica en el mundo hisp\u00e1nico: tolerancias, resistencias y censuras\u201d (Daily life, printing culture and Catholic reform in the Hispanic world: tolerances, resistance and censorship), headed by Manuel Pe\u00f1a D\u00edaz (Universidad de C\u00f3rdoba, Spain).<\/p>\n<p><a href=\"https:\/\/www.conicet.gov.ar\/new_scp\/detalle.php?id=26313&amp;datos_academicos=yes\" target=\"_blank\" rel=\"noopener noreferrer\">Curriculum Vitae<\/a><\/p>\n<p>&nbsp;<\/p>\n<p>[\/et_pb_text][\/et_pb_column][\/et_pb_row][et_pb_row column_structure=&#8221;1_2,1_2&#8243; use_custom_gutter=&#8221;on&#8221; make_equal=&#8221;on&#8221; custom_padding_last_edited=&#8221;off|&#8221; _builder_version=&#8221;3.25&#8243; background_position=&#8221;top_left&#8221; max_width=&#8221;850px&#8221; custom_margin=&#8221;|||&#8221; custom_margin_tablet=&#8221;&#8221; custom_margin_phone=&#8221;&#8221; custom_margin_last_edited=&#8221;on|desktop&#8221; custom_padding=&#8221;0|0px|0px|0px|false|false&#8221; use_custom_width=&#8221;on&#8221; custom_width_px=&#8221;850px&#8221;][et_pb_column type=&#8221;1_2&#8243; _builder_version=&#8221;3.25&#8243; custom_padding=&#8221;|||&#8221; custom_padding__hover=&#8221;|||&#8221;][et_pb_image src=&#8221;https:\/\/cadernos.catedra-alberto-benveniste.org\/wp-content\/uploads\/2018\/05\/Comissao-Cientifica-Filipa-Ribeiro-da-Silva.jpg&#8221; show_bottom_space=&#8221;off&#8221; admin_label=&#8221;Filipa Ribeiro da Silva \/ FOTO&#8221; _builder_version=&#8221;3.23&#8243; custom_margin_tablet=&#8221;&#8221; custom_margin_phone=&#8221;&#8221; custom_margin_last_edited=&#8221;on|desktop&#8221; always_center_on_mobile=&#8221;off&#8221;][\/et_pb_image][\/et_pb_column][et_pb_column type=&#8221;1_2&#8243; _builder_version=&#8221;3.25&#8243; custom_padding=&#8221;|||&#8221; custom_padding_tablet=&#8221;|||&#8221; custom_padding_phone=&#8221;&#8221; custom_padding_last_edited=&#8221;on|desktop&#8221; custom_padding__hover=&#8221;|||&#8221;][et_pb_text admin_label=&#8221;Filipa Ribeiro da Silva \/ BIO&#8221; _builder_version=&#8221;4.4.2&#8243; text_text_color=&#8221;#000000&#8243; header_text_color=&#8221;#00549f&#8221; custom_margin=&#8221;0px|||&#8221; custom_margin_tablet=&#8221;|||&#8221; custom_margin_phone=&#8221;&#8221; custom_margin_last_edited=&#8221;on|desktop&#8221; custom_padding=&#8221;0px|20px|20px|20px&#8221; custom_padding_tablet=&#8221;|0px||0px&#8221; custom_padding_phone=&#8221;40px|||&#8221; custom_padding_last_edited=&#8221;on|desktop&#8221;]<\/p>\n<h2>Filipa Ribeiro da Silva<\/h2>\n<p>Filipa Ribeiro da Silva is a <em>Senior Researcher<\/em> of the International Institute of Social History of the Royal Netherlands Academy of Arts and Sciences, in Amsterdam. She studied History at the NOVA University of Lisbon (BA Honours, 1996; MA 2001) and at Leiden University (PhD, 2009). Her current research interests focus on the history of Labour, Migration, Trade and Population, in the Atlantic and in sub-Saharan Africa during the pre-colonial and colonial periods. She is also working with Inquisition archival materials concerning Atlantic Africa, the Portuguese Empire and Portugal to study shifts in patterns of crime and punishment in these spaces.<\/p>\n<p><a href=\"https:\/\/orcid.org\/0000-0001-5173-4424\" target=\"_blank\" rel=\"noopener noreferrer\">Curriculum Vitae<\/a><\/p>\n<p>&nbsp;<\/p>\n<p>[\/et_pb_text][\/et_pb_column][\/et_pb_row][\/et_pb_section]<\/p>\n","protected":false},"excerpt":{"rendered":"<p>Scientific board The Scientific board is composed of international scholars who are experts in the core areas of the journal. This board is responsible for monitoring and advising on the editorial criteria and topics covered by the journal. It also contributes to the evaluation process of the submitted papers, suggesting external reviewers. B\u00e9atrice Perez B\u00e9atrice [&hellip;]<\/p>\n","protected":false},"author":1,"featured_media":0,"parent":28721,"menu_order":0,"comment_status":"closed","ping_status":"closed","template":"","meta":{"_et_pb_use_builder":"on","_et_pb_old_content":"","_et_gb_content_width":"","footnotes":""},"class_list":["post-28784","page","type-page","status-publish","hentry"],"_links":{"self":[{"href":"https:\/\/cadernos.catedra-alberto-benveniste.org\/en\/wp-json\/wp\/v2\/pages\/28784","targetHints":{"allow":["GET"]}}],"collection":[{"href":"https:\/\/cadernos.catedra-alberto-benveniste.org\/en\/wp-json\/wp\/v2\/pages"}],"about":[{"href":"https:\/\/cadernos.catedra-alberto-benveniste.org\/en\/wp-json\/wp\/v2\/types\/page"}],"author":[{"embeddable":true,"href":"https:\/\/cadernos.catedra-alberto-benveniste.org\/en\/wp-json\/wp\/v2\/users\/1"}],"replies":[{"embeddable":true,"href":"https:\/\/cadernos.catedra-alberto-benveniste.org\/en\/wp-json\/wp\/v2\/comments?post=28784"}],"version-history":[{"count":23,"href":"https:\/\/cadernos.catedra-alberto-benveniste.org\/en\/wp-json\/wp\/v2\/pages\/28784\/revisions"}],"predecessor-version":[{"id":29514,"href":"https:\/\/cadernos.catedra-alberto-benveniste.org\/en\/wp-json\/wp\/v2\/pages\/28784\/revisions\/29514"}],"up":[{"embeddable":true,"href":"https:\/\/cadernos.catedra-alberto-benveniste.org\/en\/wp-json\/wp\/v2\/pages\/28721"}],"wp:attachment":[{"href":"https:\/\/cadernos.catedra-alberto-benveniste.org\/en\/wp-json\/wp\/v2\/media?parent=28784"}],"curies":[{"name":"wp","href":"https:\/\/api.w.org\/{rel}","templated":true}]}}